{"id":890,"date":"2020-04-13T23:58:32","date_gmt":"2020-04-13T23:58:32","guid":{"rendered":"https:\/\/www.proastec.com\/?page_id=890"},"modified":"2020-04-14T15:42:01","modified_gmt":"2020-04-14T15:42:01","slug":"resortes-y-abrazaderas","status":"publish","type":"page","link":"https:\/\/www.proastec.com\/index.php\/resortes-y-abrazaderas\/","title":{"rendered":"Resortes y Abrazaderas"},"content":{"rendered":"\n<div id=\"wp-block-themeisle-blocks-slider-7b7ce9ef\" class=\"wp-block-themeisle-blocks-slider glide\" data-per-view=\"1\" data-gap=\"0\" data-peek=\"0\" data-autoplay=\"true\" data-height=\"400px\"><div class=\"glide__track\" data-glide-el=\"track\"><div class=\"glide__slides\"><div class=\"wp-block-themeisle-blocks-slider-item-wrapper glide__slide\" tabindex=\"0\"><figure><img class=\"wp-block-themeisle-blocks-slider-item\" src=\"https:\/\/www.proastec.com\/wp-content\/uploads\/2020\/04\/5.jpg\" alt=\"\" title=\"\" data-id=\"792\"\/><\/figure><\/div><div class=\"wp-block-themeisle-blocks-slider-item-wrapper glide__slide\" tabindex=\"0\"><figure><img class=\"wp-block-themeisle-blocks-slider-item\" src=\"https:\/\/www.proastec.com\/wp-content\/uploads\/2020\/04\/6.jpg\" alt=\"\" title=\"\" data-id=\"790\"\/><\/figure><\/div><div class=\"wp-block-themeisle-blocks-slider-item-wrapper glide__slide\" tabindex=\"0\"><figure><img class=\"wp-block-themeisle-blocks-slider-item\" src=\"https:\/\/www.proastec.com\/wp-content\/uploads\/2020\/04\/15.jpg\" alt=\"\" title=\"\" data-id=\"786\"\/><\/figure><\/div><\/div><div class=\"glide__arrows\" data-glide-el=\"controls\"><button class=\"glide__arrow glide__arrow--left\" data-glide-dir=\"<\"><svg xmlns=\"http:\/\/www.w3.org\/2000\/svg\" width=\"18\" height=\"18\" viewbox=\"0 0 100 100\" role=\"img\" aria-hidden=\"true\" focusable=\"false\"><path d=\"M 10,50 L 60,100 L 70,90 L 30,50  L 70,10 L 60,0 Z\"><\/path><\/svg><\/button><button class=\"glide__arrow glide__arrow--right\" data-glide-dir=\"&gt;\"><svg xmlns=\"http:\/\/www.w3.org\/2000\/svg\" width=\"18\" height=\"18\" viewbox=\"0 0 100 100\" role=\"img\" aria-hidden=\"true\" focusable=\"false\"><path d=\"M 10,50 L 60,100 L 70,90 L 30,50  L 70,10 L 60,0 Z\"><\/path><\/svg><\/button><\/div><div class=\"glide__bullets\" data-glide-el=\"controls[nav]\"><button class=\"glide__bullet\" data-glide-dir=\"=0\"><\/button><button class=\"glide__bullet\" data-glide-dir=\"=1\"><\/button><button class=\"glide__bullet\" data-glide-dir=\"=2\"><\/button><\/div><\/div><\/div>\n\n\n\n<div class=\"wp-block-columns\">\n<div class=\"wp-block-column\" style=\"flex-basis:34.8%\">\n<h2>Resortes y Abrazaderas<\/h2>\n<\/div>\n\n\n\n<div class=\"wp-block-column\">\n<p>Fabricaci\u00f3n De Todo tipo de Resortes industriales y Abrazaderas de alambre fabricadas\u00a0 para usos especializados o cotidianos. Capacidad de desarrollo para altos \u00f3 bajos vol\u00famenes seg\u00fan las necesidades de nuestros clientes.<\/p>\n<\/div>\n<\/div>\n","protected":false},"excerpt":{"rendered":"<p>Resortes y Abrazaderas Fabricaci\u00f3n De Todo tipo de Resortes industriales y Abrazaderas de alambre fabricadas\u00a0 para usos especializados o cotidianos. Capacidad de desarrollo para altos \u00f3 bajos vol\u00famenes seg\u00fan las necesidades de nuestros clientes.<\/p>\n","protected":false},"author":2,"featured_media":0,"parent":0,"menu_order":0,"comment_status":"closed","ping_status":"closed","template":"template-fullwidth.php","meta":[],"_links":{"self":[{"href":"https:\/\/www.proastec.com\/index.php\/wp-json\/wp\/v2\/pages\/890"}],"collection":[{"href":"https:\/\/www.proastec.com\/index.php\/wp-json\/wp\/v2\/pages"}],"about":[{"href":"https:\/\/www.proastec.com\/index.php\/wp-json\/wp\/v2\/types\/page"}],"author":[{"embeddable":true,"href":"https:\/\/www.proastec.com\/index.php\/wp-json\/wp\/v2\/users\/2"}],"replies":[{"embeddable":true,"href":"https:\/\/www.proastec.com\/index.php\/wp-json\/wp\/v2\/comments?post=890"}],"version-history":[{"count":6,"href":"https:\/\/www.proastec.com\/index.php\/wp-json\/wp\/v2\/pages\/890\/revisions"}],"predecessor-version":[{"id":908,"href":"https:\/\/www.proastec.com\/index.php\/wp-json\/wp\/v2\/pages\/890\/revisions\/908"}],"wp:attachment":[{"href":"https:\/\/www.proastec.com\/index.php\/wp-json\/wp\/v2\/media?parent=890"}],"curies":[{"name":"wp","href":"https:\/\/api.w.org\/{rel}","templated":true}]}}