{"id":1054,"date":"2020-05-01T23:06:51","date_gmt":"2020-05-01T23:06:51","guid":{"rendered":"https:\/\/www.proastec.com\/?page_id=1054"},"modified":"2020-07-08T13:53:30","modified_gmt":"2020-07-08T13:53:30","slug":"provns","status":"publish","type":"page","link":"https:\/\/www.proastec.com\/index.php\/provns\/","title":{"rendered":"Prov@ns"},"content":{"rendered":"<div id=\"pl-1054\"  class=\"panel-layout\" ><div id=\"pg-1054-0\"  class=\"panel-grid panel-has-style\" ><div class=\"siteorigin-panels-stretch panel-row-style panel-row-style-for-1054-0\" data-stretch-type=\"full\" ><div id=\"pgc-1054-0-0\"  class=\"panel-grid-cell\" ><div id=\"panel-1054-0-0-0\" class=\"so-panel widget widget_sow-image panel-first-child panel-last-child\" data-index=\"0\" ><div class=\"so-widget-sow-image so-widget-sow-image-default-d6014b76747a\">\n\n<div class=\"sow-image-container\">\n\t<img src=\"https:\/\/www.proastec.com\/wp-content\/uploads\/2020\/05\/interiorvw.png\" title=\"Provans\" alt=\"\" \t\tclass=\"so-widget-image\"\/>\n<\/div>\n\n<\/div><\/div><\/div><div id=\"pgc-1054-0-1\"  class=\"panel-grid-cell\" ><div id=\"panel-1054-0-1-0\" class=\"so-panel widget widget_sow-editor panel-first-child\" data-index=\"1\" ><div class=\"so-widget-sow-editor so-widget-sow-editor-base\">\n<div class=\"siteorigin-widget-tinymce textwidget\">\n\t<h1><b>PROVANS<\/b><\/h1>\n<p><span style=\"font-weight: 400;\">PROVANS\u00a0 es una marca de PROASTEC LTDA, empresa metalmec\u00e1nica ubicada en la ciudad de Bogot\u00e1, con m\u00e1s de 30 a\u00f1os de experiencia vinculada a la industria de ensamble automotriz colombiana. Proveedora de partes y componentes para las marcas Renault, Chevrolet e Hino ensambladas por SOFASA, GM Colmotores e Hino Motors Manufacturing Colombia.<\/span><\/p>\n<\/div>\n<\/div><\/div><div id=\"panel-1054-0-1-1\" class=\"so-panel widget widget_sow-button panel-last-child\" data-index=\"2\" ><div class=\"so-widget-sow-button so-widget-sow-button-wire-c4ccc3242c06\"><div class=\"ow-button-base ow-button-align-left\">\n\t<a href=\"https:\/\/www.proastec.com\/\" class=\"ow-icon-placement-left ow-button-hover\" \t\t>\n\t\t<span>\n\t\t\t\n\t\t\tESCR\u00cdBENOS\t\t<\/span>\n\t<\/a>\n<\/div>\n<\/div><\/div><\/div><\/div><\/div><div id=\"pg-1054-1\"  class=\"panel-grid panel-has-style\" ><div class=\"siteorigin-panels-stretch panel-row-style panel-row-style-for-1054-1\" data-stretch-type=\"full\" ><div id=\"pgc-1054-1-0\"  class=\"panel-grid-cell\" ><div id=\"panel-1054-1-0-0\" class=\"so-panel widget widget_sow-editor panel-first-child panel-last-child\" data-index=\"3\" ><div class=\"so-widget-sow-editor so-widget-sow-editor-base\">\n<div class=\"siteorigin-widget-tinymce textwidget\">\n\t<p><\/p>\n<h1><span style=\"color: #ffffff;\">QU\u00c9 OFRECEMOS?<\/span><\/h1>\n<p><span style=\"color: #ffffff;\">Servicios de adecuaci\u00f3n de veh\u00edculos para transporte terrestre colectivo de pasajeros. Instalamos Sillas, Cinturones de Seguridad, Pisos, Techos, Sonido, Multimedia, Vidrios y Accesorios de acuerdo a las necesidades de nuestros clientes.<\/span><\/p>\n<\/div>\n<\/div><\/div><\/div><div id=\"pgc-1054-1-1\"  class=\"panel-grid-cell\" ><div id=\"panel-1054-1-1-0\" class=\"so-panel widget widget_sow-image panel-first-child panel-last-child\" data-index=\"4\" ><div class=\"so-widget-sow-image so-widget-sow-image-default-d6014b76747a\">\n\n<div class=\"sow-image-container\">\n\t<img src=\"https:\/\/www.proastec.com\/wp-content\/uploads\/2020\/05\/PISO-Y--scaled.jpg\" title=\"Prov@ns\" alt=\"\" \t\tclass=\"so-widget-image\"\/>\n<\/div>\n\n<\/div><\/div><\/div><\/div><\/div><div id=\"pg-1054-2\"  class=\"panel-grid panel-has-style\" ><div class=\"siteorigin-panels-stretch panel-row-style panel-row-style-for-1054-2\" data-stretch-type=\"full\" ><div id=\"pgc-1054-2-0\"  class=\"panel-grid-cell\" ><div id=\"panel-1054-2-0-0\" class=\"so-panel widget widget_sow-editor panel-first-child\" data-index=\"5\" ><div class=\"so-widget-sow-editor so-widget-sow-editor-base\">\n<div class=\"siteorigin-widget-tinymce textwidget\">\n\t<h1 style=\"text-align: center;\"><b>CLIENTES<\/b><\/h1>\n<\/div>\n<\/div><\/div><div id=\"panel-1054-2-0-1\" class=\"so-panel widget widget_sow-image\" data-index=\"6\" ><div class=\"so-widget-sow-image so-widget-sow-image-default-6b88c04c1f9b\">\n\n<div class=\"sow-image-container\">\n\t<img src=\"https:\/\/www.proastec.com\/wp-content\/uploads\/2020\/04\/logoarmor-1.png\" title=\"Prov@ns\" alt=\"\" \t\tclass=\"so-widget-image\"\/>\n<\/div>\n\n<\/div><\/div><div id=\"panel-1054-2-0-2\" class=\"so-panel widget widget_sow-image panel-last-child\" data-index=\"7\" ><div class=\"so-widget-sow-image so-widget-sow-image-default-6b88c04c1f9b\">\n\n<div class=\"sow-image-container\">\n\t<img src=\"https:\/\/www.proastec.com\/wp-content\/uploads\/2020\/04\/porsche.png\" title=\"Prov@ns\" alt=\"\" \t\tclass=\"so-widget-image\"\/>\n<\/div>\n\n<\/div><\/div><\/div><\/div><\/div><div id=\"pg-1054-3\"  class=\"panel-grid panel-has-style\" ><div class=\"siteorigin-panels-stretch panel-row-style panel-row-style-for-1054-3\" data-stretch-type=\"full\" ><div id=\"pgc-1054-3-0\"  class=\"panel-grid-cell\" ><div id=\"panel-1054-3-0-0\" class=\"so-panel widget widget_sow-editor panel-first-child panel-last-child\" data-index=\"8\" ><div class=\"so-widget-sow-editor so-widget-sow-editor-base\">\n<div class=\"siteorigin-widget-tinymce textwidget\">\n\t<h1><span style=\"color: #000000;\">NUESTRAS SILLAS<\/span><\/h1>\n<p>Fabricamos sillas ergon\u00f3micas rigurosamente adecuadas para transporte Ejecutivo, P\u00fablico Urbano e Intermunicipal, Escolar y Especial, que cumplen con los requerimientos de la Norma T\u00e9cnica Colombiana NTC 5206.<br \/>\nSuperamos las pruebas de esfuerzo e impacto que estipula el ap\u00e9ndice 5 del Reglamento No. 80 de la Comisi\u00f3n Econ\u00f3mica de las Naciones Unidas relativo a la homologaci\u00f3n de asientos de veh\u00edculos de grandes dimensiones. Dichas pruebas fueron realizadas en los Laboratorios de M&amp;amp;G SAS, organizaci\u00f3n debidamente acreditada para ese fin.<\/p>\n<\/div>\n<\/div><\/div><\/div><div id=\"pgc-1054-3-1\"  class=\"panel-grid-cell\" ><div id=\"panel-1054-3-1-0\" class=\"so-panel widget widget_sow-image panel-first-child panel-last-child\" data-index=\"9\" ><div class=\"so-widget-sow-image so-widget-sow-image-default-d6014b76747a\">\n\n<div class=\"sow-image-container\">\n\t<img src=\"https:\/\/www.proastec.com\/wp-content\/uploads\/2020\/04\/Sillas-300x225-1.png\" title=\"Prov@ns\" alt=\"\" \t\tclass=\"so-widget-image\"\/>\n<\/div>\n\n<\/div><\/div><\/div><\/div><\/div><div id=\"pg-1054-4\"  class=\"panel-grid panel-has-style\" ><div class=\"siteorigin-panels-stretch panel-row-style panel-row-style-for-1054-4\" data-stretch-type=\"full\" ><div id=\"pgc-1054-4-0\"  class=\"panel-grid-cell\" ><div id=\"panel-1054-4-0-0\" class=\"so-panel widget widget_sow-image panel-first-child panel-last-child\" data-index=\"10\" ><div class=\"so-widget-sow-image so-widget-sow-image-default-d6014b76747a\">\n\n<div class=\"sow-image-container\">\n\t<img src=\"https:\/\/www.proastec.com\/wp-content\/uploads\/2020\/05\/ESTANDAR.jpg\" title=\"Prov@ns\" alt=\"\" \t\tclass=\"so-widget-image\"\/>\n<\/div>\n\n<\/div><\/div><\/div><div id=\"pgc-1054-4-1\"  class=\"panel-grid-cell\" ><div id=\"panel-1054-4-1-0\" class=\"so-panel widget widget_sow-image panel-first-child panel-last-child\" data-index=\"11\" ><div class=\"so-widget-sow-image so-widget-sow-image-default-d6014b76747a\">\n\n<div class=\"sow-image-container\">\n\t<img src=\"https:\/\/www.proastec.com\/wp-content\/uploads\/2020\/05\/ERGOESCOLAR.jpg\" title=\"Prov@ns\" alt=\"\" \t\tclass=\"so-widget-image\"\/>\n<\/div>\n\n<\/div><\/div><\/div><div id=\"pgc-1054-4-2\"  class=\"panel-grid-cell\" ><div id=\"panel-1054-4-2-0\" class=\"so-panel widget widget_sow-image panel-first-child panel-last-child\" data-index=\"12\" ><div class=\"so-widget-sow-image so-widget-sow-image-default-d6014b76747a\">\n\n<div class=\"sow-image-container\">\n\t<img src=\"https:\/\/www.proastec.com\/wp-content\/uploads\/2020\/05\/ERGOEJECUTIVA.jpg\" title=\"Prov@ns\" alt=\"\" \t\tclass=\"so-widget-image\"\/>\n<\/div>\n\n<\/div><\/div><\/div><div id=\"pgc-1054-4-3\"  class=\"panel-grid-cell\" ><div id=\"panel-1054-4-3-0\" class=\"so-panel widget widget_sow-image panel-first-child panel-last-child\" data-index=\"13\" ><div class=\"so-widget-sow-image so-widget-sow-image-default-d6014b76747a\">\n\n<div class=\"sow-image-container\">\n\t<img src=\"https:\/\/www.proastec.com\/wp-content\/uploads\/2020\/05\/ERGOESPECIAL.jpg\" title=\"Prov@ns\" alt=\"\" \t\tclass=\"so-widget-image\"\/>\n<\/div>\n\n<\/div><\/div><\/div><\/div><\/div><div id=\"pg-1054-5\"  class=\"panel-grid panel-has-style\" ><div class=\"siteorigin-panels-stretch panel-row-style panel-row-style-for-1054-5\" data-stretch-type=\"full\" ><div id=\"pgc-1054-5-0\"  class=\"panel-grid-cell\" ><div id=\"panel-1054-5-0-0\" class=\"so-panel widget widget_sow-social-media-buttons panel-first-child panel-last-child\" data-index=\"14\" ><div class=\"so-widget-sow-social-media-buttons so-widget-sow-social-media-buttons-wire-632e821bf251\">\n\n<div class=\"social-media-button-container\">\n\t\n\t\t<a class=\"ow-button-hover sow-social-media-button-linkedin-0 sow-social-media-button\" title=\"LinkedIn\" aria-label=\"LinkedIn\" target=\"_blank\" rel=\"noopener noreferrer\" href=\"https:\/\/www.linkedin.com\/company\/provans-by-proastec\/\" >\n\t\t\t<span>\n\t\t\t\t\t\t\t\t<span class=\"sow-icon-fontawesome sow-fab\" data-sow-icon=\"&#xf0e1;\"\n\t\t ><\/span>\t\t\t\t\t\t\t<\/span>\n\t\t<\/a>\n\t\n\t\t<a class=\"ow-button-hover sow-social-media-button-instagram-0 sow-social-media-button\" title=\"INSTAGRAM\" aria-label=\"INSTAGRAM\" target=\"_blank\" rel=\"noopener noreferrer\" href=\"https:\/\/www.instagram.com\/provans_by_proastec\/\" >\n\t\t\t<span>\n\t\t\t\t\t\t\t\t<span class=\"sow-icon-fontawesome sow-fab\" data-sow-icon=\"&#xf16d;\"\n\t\t ><\/span>\t\t\t\t\t\t\t<\/span>\n\t\t<\/a>\n\t<\/div>\n<\/div><\/div><\/div><\/div><\/div><\/div>","protected":false},"excerpt":{"rendered":"<p>PROVANS PROVANS\u00a0 es una marca de PROASTEC LTDA, empresa metalmec\u00e1nica ubicada en la ciudad de Bogot\u00e1, con m\u00e1s de 30 a\u00f1os de experiencia vinculada a la industria de ensamble automotriz colombiana. Proveedora de partes y componentes para las marcas Renault, Chevrolet e Hino ensambladas por SOFASA, GM Colmotores e Hino Motors Manufacturing Colombia. QU\u00c9 OFRECEMOS? <a href=\"https:\/\/www.proastec.com\/index.php\/provns\/\" rel=\"nofollow\"><span class=\"sr-only\">Leer m\u00e1sProv@ns<\/span>[&hellip;]<\/a><\/p>\n","protected":false},"author":2,"featured_media":0,"parent":0,"menu_order":0,"comment_status":"closed","ping_status":"closed","template":"template-fullwidth.php","meta":[],"_links":{"self":[{"href":"https:\/\/www.proastec.com\/index.php\/wp-json\/wp\/v2\/pages\/1054"}],"collection":[{"href":"https:\/\/www.proastec.com\/index.php\/wp-json\/wp\/v2\/pages"}],"about":[{"href":"https:\/\/www.proastec.com\/index.php\/wp-json\/wp\/v2\/types\/page"}],"author":[{"embeddable":true,"href":"https:\/\/www.proastec.com\/index.php\/wp-json\/wp\/v2\/users\/2"}],"replies":[{"embeddable":true,"href":"https:\/\/www.proastec.com\/index.php\/wp-json\/wp\/v2\/comments?post=1054"}],"version-history":[{"count":92,"href":"https:\/\/www.proastec.com\/index.php\/wp-json\/wp\/v2\/pages\/1054\/revisions"}],"predecessor-version":[{"id":1167,"href":"https:\/\/www.proastec.com\/index.php\/wp-json\/wp\/v2\/pages\/1054\/revisions\/1167"}],"wp:attachment":[{"href":"https:\/\/www.proastec.com\/index.php\/wp-json\/wp\/v2\/media?parent=1054"}],"curies":[{"name":"wp","href":"https:\/\/api.w.org\/{rel}","templated":true}]}}